{"id":23,"date":"2015-09-28T07:56:24","date_gmt":"2015-09-28T07:56:24","guid":{"rendered":"http:\/\/davidjerusalem.de\/?page_id=23"},"modified":"2020-03-13T11:36:02","modified_gmt":"2020-03-13T11:36:02","slug":"vita","status":"publish","type":"page","link":"https:\/\/davidjerusalem.de\/?page_id=23","title":{"rendered":"vita"},"content":{"rendered":"\n<p>David Jerusalem, Bass-Bariton<\/p>\n\n\n\n<p style=\"text-align:justify\">wurde in M\u00fcnchen geboren. Im Jahr schloss er 2010 sein Gesangstudium an der Hochschule f\u00fcr Musik N\u00fcrnberg bei Prof. Jan Hammar mit Bestnote ab, auf das ein Aufbaustudium zum Konzertexamen folgte, dass er 2013 bei&nbsp;<strong>Konrad Jarnot&nbsp;<\/strong>an der Robert-Schumann.Hochschule in D\u00fcsseldorf mit Auszeichnung ablegte. Zahlreiche Meisterkurse u.a. bei Brigitte Fassbaender, Dame Felicity Lott, Edith Wiens, Udo Reinemann, Irwin Gage, Rudolf Jansen, Tom Krause, Peter Schreier und Rudolf Pirnay gaben dem jungen S\u00e4nger wichtige Impulse.<\/p>\n\n\n\n<p>Von 2006 bis 2009 war er in zahlreichen Rollen an der Kammeroper M\u00fcnchen unter der Regie von&nbsp;<strong>Dominik Wilgenbus&nbsp;<\/strong>sowie als Astolfo (\u201eOrlando furioso\u201c ,Vivaldi) im Prinzregententheater M\u00fcnchen unter&nbsp;<strong>Michael Hofstetter&nbsp;<\/strong>in einer Inszenierung von&nbsp;<strong>Christof Nel&nbsp;<\/strong>zu erleben. Konzerte f\u00fchrten ihn u.a. in die Meistersingerhalle N\u00fcrnberg oder mit dem M\u00fcnchener Bach-Chor und dem Bach Collegium M\u00fcnchen unter&nbsp;<strong>Hansj\u00f6rg Albrecht&nbsp;<\/strong>in die Philharmonie am Gasteig.<\/p>\n\n\n\n<p>Au\u00dferdem war er in \u201eSalome\u201c (Strauss) mit dem DSO Berlin unter der Leitung von&nbsp;<strong>Stefan Soltesz&nbsp;<\/strong>in Baden-Baden, wohin er 2012 in \u201eAriadne auf Naxos\u201c (Strauss) mit der Dresdner Staatskapelle unter&nbsp;<strong>Christian Thielemann&nbsp;<\/strong>und als Geharnischter in \u201eDie Zauberfl\u00f6te\u201c (Mozart) mit den Berliner Philharmonikern unter&nbsp;<strong>Sir Simon Rattle&nbsp;<\/strong>zur\u00fcckkehrte, zu erleben. 2012 deb\u00fctierte er u.a. bei den Ludwigsburger Schlossfestspielen und beim Schleswig-Holstein-Musikfestival als Timur in \u201eTurandot\u201c (Puccini) mit der NDR Radiophilharmonie.<\/p>\n\n\n\n<p>Im Jahr 2011 wurde David Jerusalem parallel zu seinem Aufbaustudium in das Opernstudio der Rheinoper in D\u00fcsseldorf- Duisburg engagiert und im Jahr 2013 dann ins feste Ensemble \u00fcbernommen. Hier durfte er sein Opernrepertoire erweitern um zahlreiche Rollen erweitern und war u.a. als Masetto (Mozart \u201eDon Giovanni\u201c), Figaro (Mozart \u201eLe nozze di Figaro\u201c), Sarastro (Mozart \u201eZauberfl\u00f6te\u201c in der Fassung f\u00fcr junge H\u00f6rer), Timur (Puccini &#8222;Turandot&#8220;), Donner (Wagner &#8222;Das Rheingold) sowie Sparafucile (Verdi \u201eRigoletto\u201c) zu erleben. 2014 war er weiterhin auf einer Tournee mit der Academy St. Martin in the Fields unter&nbsp;<strong>Neville Marriner&nbsp;<\/strong>sowie auf einer Schubertiade beim Budapester Fr\u00fchlingsfestival zu erleben.<\/p>\n\n\n\n<p>2015 folgte ein Engagement als Gremin in \u201eEugen Onegin\u201c (Tschaikowski) unter&nbsp;<strong>Michael Hofstetter&nbsp;<\/strong>am Theater Giessen und 2016 als Angelo in \u201eDas Liebesverbot\u201c (Wagner) unter&nbsp;<strong>Ivor Bolton&nbsp;<\/strong>im Teatro Real in Madrid.<\/p>\n\n\n\n<p>Auch das Konzertfach durfte David Jerusalem unter berufener Stabf\u00fchrung vorstellen: So z.B. \u00bbDie Sch\u00f6pfung\u00ab (Haydn) mit dem Orquesta Sinf\u00f3nica y Coro RTVE unter&nbsp;<strong>Jaime Martin&nbsp;<\/strong>am Teatro Monumental in Madrid sowie \u00bbDie Matth\u00e4uspassion\u00ab (Bach) mit dem Noord Nederlands Orkest unter Michael Hofstetter auf einer Holland Tournee.<\/p>\n\n\n\n<p>Seine Solo-Deb\u00fct-CD mit dem Pianisten\u00a0<strong>Eric Schneider\u00a0<\/strong>und Balladen von Schubert und Loewe ist j\u00fcngst in Koproduktion mit Deutschlandradio bei H\u00e4nssler Classic erschienen und erhielt den Supersonic- Award und wurde f\u00fcr den ICMA 2018 als bestes \u201eVocal Album\u201c nominiert.<\/p>\n\n\n\n<div class=\"wp-block-file\"><a href=\"http:\/\/davidjerusalem.de\/wp-content\/uploads\/2020\/03\/Vita-David-Jerusalem-Januar-2020.pdf\">Vita David Jerusalem<\/a><a href=\"http:\/\/davidjerusalem.de\/wp-content\/uploads\/2020\/03\/Vita-David-Jerusalem-Januar-2020.pdf\" class=\"wp-block-file__button\" download>download<\/a><\/div>\n\n\n\n<div class=\"wp-block-file\"><a href=\"https:\/\/davidjerusalem.de\/wp-content\/uploads\/2020\/03\/David-Jerusalem-vita-en.pdf\">CV David Jerusalem english<\/a><a href=\"https:\/\/davidjerusalem.de\/wp-content\/uploads\/2020\/03\/David-Jerusalem-vita-en.pdf\" class=\"wp-block-file__button\" download>download<\/a><\/div>\n\n\n\n<p><\/p>\n","protected":false},"excerpt":{"rendered":"<p>David Jerusalem, Bass-Bariton wurde in M\u00fcnchen geboren. Im Jahr schloss er 2010 sein Gesangstudium an der Hochschule f\u00fcr Musik N\u00fcrnberg bei Prof. Jan Hammar mit Bestnote ab, auf das ein Aufbaustudium zum Konzertexamen folgte, dass er 2013 bei&nbsp;Konrad Jarnot&nbsp;an der Robert-Schumann.Hochschule in D\u00fcsseldorf mit Auszeichnung ablegte. Zahlreiche Meisterkurse u.a. bei Brigitte Fassbaender, Dame Felicity Lott, [&hellip;]<\/p>\n","protected":false},"author":1,"featured_media":0,"parent":2,"menu_order":2,"comment_status":"closed","ping_status":"closed","template":"","meta":{"_mo_disable_npp":"","jetpack_post_was_ever_published":false},"jetpack_sharing_enabled":false,"jetpack_shortlink":"https:\/\/wp.me\/P6NnHy-n","_links":{"self":[{"href":"https:\/\/davidjerusalem.de\/index.php?rest_route=\/wp\/v2\/pages\/23"}],"collection":[{"href":"https:\/\/davidjerusalem.de\/index.php?rest_route=\/wp\/v2\/pages"}],"about":[{"href":"https:\/\/davidjerusalem.de\/index.php?rest_route=\/wp\/v2\/types\/page"}],"author":[{"embeddable":true,"href":"https:\/\/davidjerusalem.de\/index.php?rest_route=\/wp\/v2\/users\/1"}],"replies":[{"embeddable":true,"href":"https:\/\/davidjerusalem.de\/index.php?rest_route=%2Fwp%2Fv2%2Fcomments&post=23"}],"version-history":[{"count":26,"href":"https:\/\/davidjerusalem.de\/index.php?rest_route=\/wp\/v2\/pages\/23\/revisions"}],"predecessor-version":[{"id":633,"href":"https:\/\/davidjerusalem.de\/index.php?rest_route=\/wp\/v2\/pages\/23\/revisions\/633"}],"up":[{"embeddable":true,"href":"https:\/\/davidjerusalem.de\/index.php?rest_route=\/wp\/v2\/pages\/2"}],"wp:attachment":[{"href":"https:\/\/davidjerusalem.de\/index.php?rest_route=%2Fwp%2Fv2%2Fmedia&parent=23"}],"curies":[{"name":"wp","href":"https:\/\/api.w.org\/{rel}","templated":true}]}}