{"id":2,"date":"2015-09-16T04:24:25","date_gmt":"2015-09-16T04:24:25","guid":{"rendered":"http:\/\/wp431m.a10-52-158-154.qa.plesk.ru\/wordpress\/?page_id=2"},"modified":"2020-03-11T20:18:48","modified_gmt":"2020-03-11T20:18:48","slug":"sample-page","status":"publish","type":"page","link":"https:\/\/davidjerusalem.de\/","title":{"rendered":"home"},"content":{"rendered":"<h3 style=\"text-align: center;\">Herzlich Willkommen auf der Internetseite von David Jerusalem<\/h3>\n<h5>Das Jahr 2020 bringt gleich zwei Neuerscheinungen mit sich. Zum einen ein live Mitschnitt des konzertanten <span style=\"color: #ffcc00;\">Rheingold<\/span>s mit den Duisburger Philharmonikern unter der Leitung von GMD Axel Kober in der David Jerusalem als &#8222;Donner&#8220; zu h\u00f6ren ist und zum anderen eine CD-Produktion eines etwas seltener gespielten Werkes von Mendelssohn; &#8222;<span style=\"color: #ffcc00;\">Die erste Walpurgisnacht<\/span>&#8220; mit dem Kammerchor Stuttgart und der Deutschen Kammerphilharmonie Bremen unter der Leitung von Frieder Bernius. Details im Bereich <a href=\"http:\/\/davidjerusalem.de\/?page_id=128\">&#8222;Discographie&#8220;<\/a><\/h5>\n<h5 style=\"text-align: left;\">David Jerusalems Deb\u00fct-CD \u201e<a href=\"http:\/\/davidjerusalem.de\/?page_id=128\">In Erlk\u00f6nigs Reich<\/a>\u201c\u00a0ist bei H\u00e4nnsler Classic erschienen und gleich f\u00fcr den ICMA Award 2018 in der Kategorie \u201eBestes Vocal Album\u201c nominiert. Auch die ersten Rezensionen zeigen sich begeistert:<\/h5>\n<h4 style=\"text-align: center;\">BR-Klassik empfiehlt \u201eIn Erlk\u00f6nigs Reich\u201c<\/h4>\n<h4 style=\"text-align: center;\">\u201eDavid Jerusalems volumin\u00f6s t\u00f6nender Bassbariton ist un\u00fcberh\u00f6rbar operngeschult, und diese \u00fcppigen stimmtheatralischen M\u00f6glichkeiten setzt er perfekt ein.\u201c<\/h4>\n<p style=\"text-align: center;\">BR-Klassik CD-Tipp Von\u00a0<span class=\"br-authordate\">Ursula Adamski-St\u00f6rmer\u00a0<a href=\"https:\/\/www.br-klassik.de\/aktuell\/br-klassik-empfiehlt\/cd\/cd-tipp-david-jerusalem-in-erlkoenigs-reich-100.html\" target=\"_blank\" rel=\"noopener noreferrer\">www.br-klassik.de<\/a><\/span><\/p>\n<h4 style=\"text-align: center;\"><strong>\u201eEine CD [&#8230;]\u00a0die zum Besten geh\u00f6rt, was in Sachen Lied in den letzten Jahren zu h\u00f6ren war.\u201c<\/strong><\/h4>\n<p style=\"text-align: center;\">Rezension von Alain Steffen f\u00fcr <a href=\"https:\/\/www.pizzicato.lu\/was-fur-eine-stimme\/\" target=\"_blank\" rel=\"noopener noreferrer\">www.pizzicato.lu<\/a><\/p>\n<h3><\/h3>\n<h4 style=\"text-align: center;\"><strong>\u201eRaumgreifend zieht der S\u00e4nger seine H\u00f6rer in den Bann.\u201c\u00a0<\/strong><\/h4>\n<p style=\"text-align: center;\">Rezension von\u00a0R\u00fcdiger Winter f\u00fcr <a href=\"http:\/\/operalounge.de\/cd\/lust-auf-lieder-und-loewe-balladen\" target=\"_blank\" rel=\"noopener noreferrer\">www.operalounge.de<\/a><\/p>\n<ul id=\"menu-social-media\" class=\"menu social-menu-widget clearfix\">\n<li id=\"menu-item-142\" class=\"menu-item menu-item-type-custom menu-item-object-custom menu-item-142\"><a href=\"https:\/\/m.youtube.com\/user\/bassdavidjerusalem\" target=\"_blank\" rel=\"noopener noreferrer\"><span class=\"screen-reader-text\">YouTube<\/span><\/a><\/li>\n<li id=\"menu-item-144\" class=\"menu-item menu-item-type-custom menu-item-object-custom menu-item-144\"><a href=\"https:\/\/mobile.twitter.com\/DavidJerusalem2\" target=\"_blank\" rel=\"noopener noreferrer\"><span class=\"screen-reader-text\">Twitter<\/span><\/a><\/li>\n<li><a href=\"https:\/\/www.instagram.com\/david.jerusalem\/\" target=\"_blank\" rel=\"noopener noreferrer\"><span class=\"screen-reader-text\">Instagram<\/span><\/a><\/li>\n<li><a href=\"https:\/\/www.facebook.com\/davidjerusalembassbariton\/\" target=\"_blank\" rel=\"noopener noreferrer\"><span class=\"screen-reader-text\">Instagram<\/span><\/a><\/li>\n<\/ul>\n","protected":false},"excerpt":{"rendered":"<p>Herzlich Willkommen auf der Internetseite von David Jerusalem Das Jahr 2020 bringt gleich zwei Neuerscheinungen mit sich. Zum einen ein live Mitschnitt des konzertanten Rheingolds mit den Duisburger Philharmonikern unter der Leitung von GMD Axel Kober in der David Jerusalem als &#8222;Donner&#8220; zu h\u00f6ren ist und zum anderen eine CD-Produktion eines etwas seltener gespielten Werkes [&hellip;]<\/p>\n","protected":false},"author":1,"featured_media":0,"parent":0,"menu_order":0,"comment_status":"closed","ping_status":"open","template":"page-templates\/page_fullwidth.php","meta":{"_mo_disable_npp":"","jetpack_post_was_ever_published":false},"jetpack_sharing_enabled":false,"jetpack_shortlink":"https:\/\/wp.me\/P6NnHy-2","_links":{"self":[{"href":"https:\/\/davidjerusalem.de\/index.php?rest_route=\/wp\/v2\/pages\/2"}],"collection":[{"href":"https:\/\/davidjerusalem.de\/index.php?rest_route=\/wp\/v2\/pages"}],"about":[{"href":"https:\/\/davidjerusalem.de\/index.php?rest_route=\/wp\/v2\/types\/page"}],"author":[{"embeddable":true,"href":"https:\/\/davidjerusalem.de\/index.php?rest_route=\/wp\/v2\/users\/1"}],"replies":[{"embeddable":true,"href":"https:\/\/davidjerusalem.de\/index.php?rest_route=%2Fwp%2Fv2%2Fcomments&post=2"}],"version-history":[{"count":42,"href":"https:\/\/davidjerusalem.de\/index.php?rest_route=\/wp\/v2\/pages\/2\/revisions"}],"predecessor-version":[{"id":623,"href":"https:\/\/davidjerusalem.de\/index.php?rest_route=\/wp\/v2\/pages\/2\/revisions\/623"}],"wp:attachment":[{"href":"https:\/\/davidjerusalem.de\/index.php?rest_route=%2Fwp%2Fv2%2Fmedia&parent=2"}],"curies":[{"name":"wp","href":"https:\/\/api.w.org\/{rel}","templated":true}]}}