{"id":128,"date":"2016-01-24T15:13:14","date_gmt":"2016-01-24T15:13:14","guid":{"rendered":"http:\/\/davidjerusalem.de\/?page_id=128"},"modified":"2020-03-11T20:17:45","modified_gmt":"2020-03-11T20:17:45","slug":"discografie","status":"publish","type":"page","link":"https:\/\/davidjerusalem.de\/?page_id=128","title":{"rendered":"discographie"},"content":{"rendered":"<p><a href=\"http:\/\/davidjerusalem.de\/wp-content\/uploads\/2017\/11\/david_jerusalem__eric_schneider-in_erlkoenigs_reich_a.jpg\"><img decoding=\"async\" loading=\"lazy\" class=\"alignleft wp-image-456\" src=\"http:\/\/davidjerusalem.de\/wp-content\/uploads\/2017\/11\/david_jerusalem__eric_schneider-in_erlkoenigs_reich_a.jpg\" alt=\"\" width=\"400\" height=\"400\" srcset=\"https:\/\/davidjerusalem.de\/wp-content\/uploads\/2017\/11\/david_jerusalem__eric_schneider-in_erlkoenigs_reich_a.jpg 1200w, https:\/\/davidjerusalem.de\/wp-content\/uploads\/2017\/11\/david_jerusalem__eric_schneider-in_erlkoenigs_reich_a-150x150.jpg 150w, https:\/\/davidjerusalem.de\/wp-content\/uploads\/2017\/11\/david_jerusalem__eric_schneider-in_erlkoenigs_reich_a-300x300.jpg 300w, https:\/\/davidjerusalem.de\/wp-content\/uploads\/2017\/11\/david_jerusalem__eric_schneider-in_erlkoenigs_reich_a-768x768.jpg 768w, https:\/\/davidjerusalem.de\/wp-content\/uploads\/2017\/11\/david_jerusalem__eric_schneider-in_erlkoenigs_reich_a-1024x1024.jpg 1024w, https:\/\/davidjerusalem.de\/wp-content\/uploads\/2017\/11\/david_jerusalem__eric_schneider-in_erlkoenigs_reich_a-480x480.jpg 480w, https:\/\/davidjerusalem.de\/wp-content\/uploads\/2017\/11\/david_jerusalem__eric_schneider-in_erlkoenigs_reich_a-830x830.jpg 830w, https:\/\/davidjerusalem.de\/wp-content\/uploads\/2017\/11\/david_jerusalem__eric_schneider-in_erlkoenigs_reich_a-230x230.jpg 230w, https:\/\/davidjerusalem.de\/wp-content\/uploads\/2017\/11\/david_jerusalem__eric_schneider-in_erlkoenigs_reich_a-350x350.jpg 350w\" sizes=\"(max-width: 400px) 100vw, 400px\" \/><\/a><\/p>\n<p>\u00a0<\/p>\n<p>Carl Loewe &#8211; Franz Schubert<\/p>\n<p><strong>In Erlk\u00f6nigs Reich<\/strong><\/p>\n<p>Balladen und Lieder von Carl Loewe und Franz Schubert<\/p>\n<p>mit dem Pianisten Eric Schneider<\/p>\n<p>Nominiert f\u00fcr das beste Vocal Album 2018 \u00a0\u00a0<a href=\"http:\/\/davidjerusalem.de\/wp-content\/uploads\/2017\/11\/ICMA-Nomination-2018-e1511605770547.jpg\"><img decoding=\"async\" loading=\"lazy\" class=\"alignnone wp-image-464\" src=\"http:\/\/davidjerusalem.de\/wp-content\/uploads\/2017\/11\/ICMA-Nomination-2018-e1511605770547-300x145.jpg\" alt=\"\" width=\"131\" height=\"63\" srcset=\"https:\/\/davidjerusalem.de\/wp-content\/uploads\/2017\/11\/ICMA-Nomination-2018-e1511605770547-300x145.jpg 300w, https:\/\/davidjerusalem.de\/wp-content\/uploads\/2017\/11\/ICMA-Nomination-2018-e1511605770547-768x371.jpg 768w, https:\/\/davidjerusalem.de\/wp-content\/uploads\/2017\/11\/ICMA-Nomination-2018-e1511605770547-1024x494.jpg 1024w, https:\/\/davidjerusalem.de\/wp-content\/uploads\/2017\/11\/ICMA-Nomination-2018-e1511605770547-480x232.jpg 480w, https:\/\/davidjerusalem.de\/wp-content\/uploads\/2017\/11\/ICMA-Nomination-2018-e1511605770547-830x400.jpg 830w, https:\/\/davidjerusalem.de\/wp-content\/uploads\/2017\/11\/ICMA-Nomination-2018-e1511605770547-230x111.jpg 230w, https:\/\/davidjerusalem.de\/wp-content\/uploads\/2017\/11\/ICMA-Nomination-2018-e1511605770547-350x169.jpg 350w\" sizes=\"(max-width: 131px) 100vw, 131px\" \/><\/a><\/p>\n<p>Gerne k\u00f6nnen Sie ein Exemplar direkt \u00fcber das Kontaktformular (nicht den Agentur-Kontakt) \u00a0f\u00fcr \u20ac 15,95 versandkostenfrei bestellen und falls gew\u00fcnscht auch mit pers\u00f6nlicher Widmung. Geben Sie bitte Menge und Adresse an, Sie bekommen dann umgehend die Zahlungsinformationen (\u00dcberweisung oder PayPal) zugesandt.<\/p>\n<p>\u00a0<\/p>\n<p><a href=\"http:\/\/davidjerusalem.de\/wp-content\/uploads\/2017\/11\/81r6lEytBYL._SL1200_.jpg\"><img decoding=\"async\" loading=\"lazy\" class=\"wp-image-454 alignnone\" src=\"http:\/\/davidjerusalem.de\/wp-content\/uploads\/2017\/11\/81r6lEytBYL._SL1200_.jpg\" alt=\"\" width=\"400\" height=\"313\" srcset=\"https:\/\/davidjerusalem.de\/wp-content\/uploads\/2017\/11\/81r6lEytBYL._SL1200_.jpg 1200w, https:\/\/davidjerusalem.de\/wp-content\/uploads\/2017\/11\/81r6lEytBYL._SL1200_-300x235.jpg 300w, https:\/\/davidjerusalem.de\/wp-content\/uploads\/2017\/11\/81r6lEytBYL._SL1200_-768x600.jpg 768w, https:\/\/davidjerusalem.de\/wp-content\/uploads\/2017\/11\/81r6lEytBYL._SL1200_-1024x800.jpg 1024w, https:\/\/davidjerusalem.de\/wp-content\/uploads\/2017\/11\/81r6lEytBYL._SL1200_-480x375.jpg 480w, https:\/\/davidjerusalem.de\/wp-content\/uploads\/2017\/11\/81r6lEytBYL._SL1200_-830x649.jpg 830w, https:\/\/davidjerusalem.de\/wp-content\/uploads\/2017\/11\/81r6lEytBYL._SL1200_-230x180.jpg 230w, https:\/\/davidjerusalem.de\/wp-content\/uploads\/2017\/11\/81r6lEytBYL._SL1200_-350x274.jpg 350w\" sizes=\"(max-width: 400px) 100vw, 400px\" \/><\/a><\/p>\n<p style=\"text-align: right;\"><div data-test='contact-form' id='contact-form-128' class='wp-block-jetpack-contact-form-container '>\n<form action='https:\/\/davidjerusalem.de\/?page_id=128#contact-form-128' method='post' class='contact-form commentsblock'>\n<script>\n\t\t\t( function () {\n\t\t\t\tconst contact_forms = document.getElementsByClassName('contact-form');\n\n\t\t\t\tfor ( const form of contact_forms ) {\n\t\t\t\t\tform.onsubmit = function() {\n\t\t\t\t\t\tconst buttons = form.getElementsByTagName('button');\n\n\t\t\t\t\t\tfor( const button of buttons ) {\n\t\t\t\t\t\t\tbutton.setAttribute('disabled', true);\n\t\t\t\t\t\t}\n\t\t\t\t\t}\n\t\t\t\t}\n\t\t\t} )();\n\t\t<\/script>\n<div style=\"\" class='grunion-field-wrap grunion-field-name-wrap'  >\n<label\n\t\t\t\tfor='g128-name'\n\t\t\t\tclass='grunion-field-label name'\n\t\t\t\t>Name<span>(erforderlich)<\/span><\/label>\n<input\n\t\t\t\t\ttype='text'\n\t\t\t\t\tname='g128-name'\n\t\t\t\t\tid='g128-name'\n\t\t\t\t\tvalue=''\n\t\t\t\t\tclass='name' \n\t\t\t\t\trequired aria-required='true' \/>\n\t<\/div>\n\n<div style=\"\" class='grunion-field-wrap grunion-field-email-wrap'  >\n<label\n\t\t\t\tfor='g128-email'\n\t\t\t\tclass='grunion-field-label email'\n\t\t\t\t>E-Mail<span>(erforderlich)<\/span><\/label>\n<input\n\t\t\t\t\ttype='email'\n\t\t\t\t\tname='g128-email'\n\t\t\t\t\tid='g128-email'\n\t\t\t\t\tvalue=''\n\t\t\t\t\tclass='email' \n\t\t\t\t\trequired aria-required='true' \/>\n\t<\/div>\n\n<div style=\"\" class='grunion-field-wrap grunion-field-textarea-wrap'  >\n<label\n\t\t\t\tfor='contact-form-comment-g128-kommentar'\n\t\t\t\tclass='grunion-field-label textarea'\n\t\t\t\t>Kommentar<span>(erforderlich)<\/span><\/label>\n<textarea\n\t\t                style=''\n\t\t                name='g128-kommentar'\n\t\t                id='contact-form-comment-g128-kommentar'\n\t\t                rows='20' class='textarea'  required aria-required='true'><\/textarea>\n\t<\/div>\n\t<p class='contact-submit'>\n\t\t<button type='submit' class='pushbutton-wide'>Senden<\/button>\t\t<input type='hidden' name='contact-form-id' value='128' \/>\n\t\t<input type='hidden' name='action' value='grunion-contact-form' \/>\n\t\t<input type='hidden' name='contact-form-hash' value='c9e07aa766b630782ae5f0b04a4daab0ef151f78' \/>\n\t<\/p>\n<\/form>\n<\/div>\n<p>\u00a0<\/p>\n<figure id=\"attachment_617\" aria-describedby=\"caption-attachment-617\" style=\"width: 306px\" class=\"wp-caption aligncenter\"><a href=\"http:\/\/davidjerusalem.de\/wp-content\/uploads\/2020\/03\/8350300u.jpg\"><img decoding=\"async\" loading=\"lazy\" class=\"wp-image-617\" src=\"http:\/\/davidjerusalem.de\/wp-content\/uploads\/2020\/03\/8350300u-300x297.jpg\" alt=\"\" width=\"306\" height=\"303\" srcset=\"https:\/\/davidjerusalem.de\/wp-content\/uploads\/2020\/03\/8350300u.jpg 300w, https:\/\/davidjerusalem.de\/wp-content\/uploads\/2020\/03\/8350300u-150x150.jpg 150w, https:\/\/davidjerusalem.de\/wp-content\/uploads\/2020\/03\/8350300u-230x228.jpg 230w\" sizes=\"(max-width: 306px) 100vw, 306px\" \/><\/a><figcaption id=\"caption-attachment-617\" class=\"wp-caption-text\">Felix Mendelssohn Barthold \/ Die erste Walpurgisnacht \/ Kammerchor Stuttgart \/ Die Deutsche Kammerphilharmonie Bremen \/ Frieder Bernius \/ Bass &#8211; David Jerusalem<\/figcaption><\/figure>\n<p>\u00a0<\/p>\n<figure id=\"attachment_616\" aria-describedby=\"caption-attachment-616\" style=\"width: 307px\" class=\"wp-caption aligncenter\"><a href=\"http:\/\/davidjerusalem.de\/wp-content\/uploads\/2020\/03\/CD-Cover-Das-Rheingold-280x280px.jpg\"><img decoding=\"async\" loading=\"lazy\" class=\"wp-image-616\" src=\"http:\/\/davidjerusalem.de\/wp-content\/uploads\/2020\/03\/CD-Cover-Das-Rheingold-280x280px.jpg\" alt=\"\" width=\"307\" height=\"307\" srcset=\"https:\/\/davidjerusalem.de\/wp-content\/uploads\/2020\/03\/CD-Cover-Das-Rheingold-280x280px.jpg 280w, https:\/\/davidjerusalem.de\/wp-content\/uploads\/2020\/03\/CD-Cover-Das-Rheingold-280x280px-150x150.jpg 150w, https:\/\/davidjerusalem.de\/wp-content\/uploads\/2020\/03\/CD-Cover-Das-Rheingold-280x280px-230x230.jpg 230w\" sizes=\"(max-width: 307px) 100vw, 307px\" \/><\/a><figcaption id=\"caption-attachment-616\" class=\"wp-caption-text\">Richard Wagner \/ Das Rheingold \/ Duisburger Philharmoniker \/ Axel Kober \/ Donner &#8211; David Jerusalem<\/figcaption><\/figure>\n<p>\u00a0<\/p>\n<figure id=\"attachment_458\" aria-describedby=\"caption-attachment-458\" style=\"width: 309px\" class=\"wp-caption aligncenter\"><a href=\"http:\/\/davidjerusalem.de\/wp-content\/uploads\/2017\/11\/liebesverbot-dvd-1.jpg\"><img decoding=\"async\" loading=\"lazy\" class=\"wp-image-458\" src=\"http:\/\/davidjerusalem.de\/wp-content\/uploads\/2017\/11\/liebesverbot-dvd-1.jpg\" alt=\"\" width=\"309\" height=\"437\" srcset=\"https:\/\/davidjerusalem.de\/wp-content\/uploads\/2017\/11\/liebesverbot-dvd-1.jpg 334w, https:\/\/davidjerusalem.de\/wp-content\/uploads\/2017\/11\/liebesverbot-dvd-1-212x300.jpg 212w, https:\/\/davidjerusalem.de\/wp-content\/uploads\/2017\/11\/liebesverbot-dvd-1-230x325.jpg 230w\" sizes=\"(max-width: 309px) 100vw, 309px\" \/><\/a><figcaption id=\"caption-attachment-458\" class=\"wp-caption-text\">Richard Wagner \/ Das Liebesverbot \/ Teatro Real \/ Musikalische Leitung &#8211; Ivor Bolton \/ Inszenierung &#8211; Kaspar Holten \/ Angelo &#8211; David Jerusalem<\/figcaption><\/figure>\n<p>\u00a0<\/p>\n<figure id=\"attachment_132\" aria-describedby=\"caption-attachment-132\" style=\"width: 309px\" class=\"wp-caption aligncenter\"><a href=\"http:\/\/davidjerusalem.de\/wp-content\/uploads\/2016\/01\/image-3.jpeg\" rel=\"attachment wp-att-132\"><img decoding=\"async\" loading=\"lazy\" class=\"wp-image-132\" src=\"http:\/\/davidjerusalem.de\/wp-content\/uploads\/2016\/01\/image-3.jpeg\" alt=\"Zauberfl\u00f6te Rattle\" width=\"309\" height=\"382\" srcset=\"https:\/\/davidjerusalem.de\/wp-content\/uploads\/2016\/01\/image-3.jpeg 342w, https:\/\/davidjerusalem.de\/wp-content\/uploads\/2016\/01\/image-3-243x300.jpeg 243w, https:\/\/davidjerusalem.de\/wp-content\/uploads\/2016\/01\/image-3-230x284.jpeg 230w\" sizes=\"(max-width: 309px) 100vw, 309px\" \/><\/a><figcaption id=\"caption-attachment-132\" class=\"wp-caption-text\">Wolfgang Amadeus Mozart \/ Die Zauberfl\u00f6te \/ Berliner Philharmoniker \/ Sir Simon Rattle \/ Inszenierung &#8211; Robert Carsen \/ Zweiter Geharnischter Mann &#8211; David Jerusalem<\/figcaption><\/figure>\n<p>\u00a0<\/p>\n<figure id=\"attachment_131\" aria-describedby=\"caption-attachment-131\" style=\"width: 309px\" class=\"wp-caption aligncenter\"><a href=\"http:\/\/davidjerusalem.de\/wp-content\/uploads\/2016\/01\/image-2.jpeg\" rel=\"attachment wp-att-131\"><img decoding=\"async\" loading=\"lazy\" class=\"wp-image-131\" src=\"http:\/\/davidjerusalem.de\/wp-content\/uploads\/2016\/01\/image-2.jpeg\" alt=\"Ariadne auf Naxos\" width=\"309\" height=\"412\" srcset=\"https:\/\/davidjerusalem.de\/wp-content\/uploads\/2016\/01\/image-2.jpeg 334w, https:\/\/davidjerusalem.de\/wp-content\/uploads\/2016\/01\/image-2-225x300.jpeg 225w, https:\/\/davidjerusalem.de\/wp-content\/uploads\/2016\/01\/image-2-230x306.jpeg 230w\" sizes=\"(max-width: 309px) 100vw, 309px\" \/><\/a><figcaption id=\"caption-attachment-131\" class=\"wp-caption-text\">Richard Strauss \/ Ariadne auf Naxos \/ Staatskapelle Dresden &#8211; Christian Thielemann \/ Inszenierung &#8211; Philippe Arlaud \/ Per\u00fcckenmamcher &#8211; David Jerusalem<\/figcaption><\/figure>\n<p>\u00a0<\/p>\n<figure id=\"attachment_130\" aria-describedby=\"caption-attachment-130\" style=\"width: 309px\" class=\"wp-caption aligncenter\"><a href=\"http:\/\/davidjerusalem.de\/wp-content\/uploads\/2016\/01\/image-1.jpeg\" rel=\"attachment wp-att-130\"><img decoding=\"async\" loading=\"lazy\" class=\"wp-image-130 size-full\" src=\"http:\/\/davidjerusalem.de\/wp-content\/uploads\/2016\/01\/image-1.jpeg\" alt=\"Salome Richard Strauss\" width=\"309\" height=\"445\" srcset=\"https:\/\/davidjerusalem.de\/wp-content\/uploads\/2016\/01\/image-1.jpeg 309w, https:\/\/davidjerusalem.de\/wp-content\/uploads\/2016\/01\/image-1-208x300.jpeg 208w, https:\/\/davidjerusalem.de\/wp-content\/uploads\/2016\/01\/image-1-230x331.jpeg 230w\" sizes=\"(max-width: 309px) 100vw, 309px\" \/><\/a><figcaption id=\"caption-attachment-130\" class=\"wp-caption-text\">Richard Strauss \/ Salome \/ Deutsches Symphonie-Orchester Berlin &#8211; Stefan Soltesz \/ Inszenierung &#8211; Nikolaus Lehnhoff \/ Erster Soldat &#8211; David Jerusalem<\/figcaption><\/figure>\n<p>\u00a0<\/p>\n<p>\u00a0<\/p>\n<p>\u00a0<\/p>\n<p>\u00a0<\/p>\n<p>\u00a0<\/p>\n\n\n<p><\/p>\n","protected":false},"excerpt":{"rendered":"<p>\u00a0 Carl Loewe &#8211; Franz Schubert In Erlk\u00f6nigs Reich Balladen und Lieder von Carl Loewe und Franz Schubert mit dem Pianisten Eric Schneider Nominiert f\u00fcr das beste Vocal Album 2018 \u00a0\u00a0 Gerne k\u00f6nnen Sie ein Exemplar direkt \u00fcber das Kontaktformular (nicht den Agentur-Kontakt) \u00a0f\u00fcr \u20ac 15,95 versandkostenfrei bestellen und falls gew\u00fcnscht auch mit pers\u00f6nlicher Widmung. [&hellip;]<\/p>\n","protected":false},"author":1,"featured_media":0,"parent":0,"menu_order":3,"comment_status":"closed","ping_status":"closed","template":"","meta":{"_mo_disable_npp":"","jetpack_post_was_ever_published":false},"jetpack_sharing_enabled":true,"jetpack_shortlink":"https:\/\/wp.me\/P6NnHy-24","_links":{"self":[{"href":"https:\/\/davidjerusalem.de\/index.php?rest_route=\/wp\/v2\/pages\/128"}],"collection":[{"href":"https:\/\/davidjerusalem.de\/index.php?rest_route=\/wp\/v2\/pages"}],"about":[{"href":"https:\/\/davidjerusalem.de\/index.php?rest_route=\/wp\/v2\/types\/page"}],"author":[{"embeddable":true,"href":"https:\/\/davidjerusalem.de\/index.php?rest_route=\/wp\/v2\/users\/1"}],"replies":[{"embeddable":true,"href":"https:\/\/davidjerusalem.de\/index.php?rest_route=%2Fwp%2Fv2%2Fcomments&post=128"}],"version-history":[{"count":23,"href":"https:\/\/davidjerusalem.de\/index.php?rest_route=\/wp\/v2\/pages\/128\/revisions"}],"predecessor-version":[{"id":622,"href":"https:\/\/davidjerusalem.de\/index.php?rest_route=\/wp\/v2\/pages\/128\/revisions\/622"}],"wp:attachment":[{"href":"https:\/\/davidjerusalem.de\/index.php?rest_route=%2Fwp%2Fv2%2Fmedia&parent=128"}],"curies":[{"name":"wp","href":"https:\/\/api.w.org\/{rel}","templated":true}]}}